{"id":8585,"date":"2025-09-04T21:57:03","date_gmt":"2025-09-04T20:57:03","guid":{"rendered":"https:\/\/www.mercynavan.ie\/?page_id=8585"},"modified":"2025-09-04T21:57:05","modified_gmt":"2025-09-04T20:57:05","slug":"head-girls-welcome","status":"publish","type":"page","link":"https:\/\/www.mercynavan.ie\/index.php\/head-girls-welcome\/","title":{"rendered":"Head Girls Welcome"},"content":{"rendered":"\n<h2 class=\"wp-block-heading\">Head Girls&#8217; Welcome<\/h2>\n\n\n\n<div class=\"wp-block-columns is-layout-flex wp-container-core-columns-is-layout-9d6595d7 wp-block-columns-is-layout-flex\">\n<div class=\"wp-block-column is-layout-flow wp-block-column-is-layout-flow\">\n<figure class=\"wp-block-image size-large\"><img loading=\"lazy\" decoding=\"async\" width=\"683\" height=\"1024\" src=\"http:\/\/www.mercynavan.ie\/wp\/wp-content\/uploads\/2025\/09\/Banner-Photo-1-683x1024.jpg\" alt=\"\" class=\"wp-image-8577\" srcset=\"https:\/\/www.mercynavan.ie\/wp\/wp-content\/uploads\/2025\/09\/Banner-Photo-1-683x1024.jpg 683w, https:\/\/www.mercynavan.ie\/wp\/wp-content\/uploads\/2025\/09\/Banner-Photo-1-200x300.jpg 200w, https:\/\/www.mercynavan.ie\/wp\/wp-content\/uploads\/2025\/09\/Banner-Photo-1-100x150.jpg 100w, https:\/\/www.mercynavan.ie\/wp\/wp-content\/uploads\/2025\/09\/Banner-Photo-1-768x1152.jpg 768w, https:\/\/www.mercynavan.ie\/wp\/wp-content\/uploads\/2025\/09\/Banner-Photo-1-1024x1536.jpg 1024w, https:\/\/www.mercynavan.ie\/wp\/wp-content\/uploads\/2025\/09\/Banner-Photo-1-1365x2048.jpg 1365w, https:\/\/www.mercynavan.ie\/wp\/wp-content\/uploads\/2025\/09\/Banner-Photo-1-1080x1620.jpg 1080w, https:\/\/www.mercynavan.ie\/wp\/wp-content\/uploads\/2025\/09\/Banner-Photo-1-scaled.jpg 1707w\" sizes=\"auto, (max-width: 683px) 100vw, 683px\" \/><figcaption>Aoife &amp; Lara, Head Girls 2025-26<\/figcaption><\/figure>\n<\/div>\n\n\n\n<div class=\"wp-block-column is-layout-flow wp-block-column-is-layout-flow\">\n<p>As a new school year commences, we warmly welcome back all members of the Mercy community. We hope that the summer was an enjoyable break from studies and both students and staff are looking forward to another rewarding year ahead.<\/p>\n\n\n\n<p>A special welcome to the First Year students as they begin their journey as Mercy girls. Although it may seem daunting at first, know that there are many support systems here to help you settle in. We encourage you to embrace every opportunity, try your best and the rest will fall into place.<\/p>\n\n\n\n<p>To our fellow Sixth Year students, we are immensely proud of you all for getting this far. We are on the home stretch now! While there is a challenging year ahead, never forget to look out for one another and cherish all the good memories to come.<\/p>\n\n\n\n<p>To the members of staff here in St Joseph\u2019s, we greatly appreciate your dedication and consistent support. Your hard work certainly does not go unnoticed!<\/p>\n\n\n\n<p>We wish you all the best in the coming year, especially the Third and Sixth Year students as they begin preparation for their state exams.<\/p>\n\n\n\n<p>\u00c1dh m\u00f3r agus go n-eir\u00ed libh!<\/p>\n\n\n\n<p>Aoife and Lara.<\/p>\n<\/div>\n<\/div>\n","protected":false},"excerpt":{"rendered":"<p>Head Girls&#8217; Welcome As a new school year commences, we warmly welcome back all members of the Mercy community. We hope that the summer was an enjoyable break from studies and both students and staff are looking forward to another rewarding year ahead. A special welcome to the First Year students as they begin their [&hellip;]<\/p>\n","protected":false},"author":18,"featured_media":0,"parent":0,"menu_order":0,"comment_status":"closed","ping_status":"closed","template":"","meta":{"_et_pb_use_builder":"","_et_pb_old_content":"","_et_gb_content_width":"","footnotes":"","_links_to":"","_links_to_target":""},"class_list":["post-8585","page","type-page","status-publish","hentry"],"_links":{"self":[{"href":"https:\/\/www.mercynavan.ie\/index.php\/wp-json\/wp\/v2\/pages\/8585","targetHints":{"allow":["GET"]}}],"collection":[{"href":"https:\/\/www.mercynavan.ie\/index.php\/wp-json\/wp\/v2\/pages"}],"about":[{"href":"https:\/\/www.mercynavan.ie\/index.php\/wp-json\/wp\/v2\/types\/page"}],"author":[{"embeddable":true,"href":"https:\/\/www.mercynavan.ie\/index.php\/wp-json\/wp\/v2\/users\/18"}],"replies":[{"embeddable":true,"href":"https:\/\/www.mercynavan.ie\/index.php\/wp-json\/wp\/v2\/comments?post=8585"}],"version-history":[{"count":2,"href":"https:\/\/www.mercynavan.ie\/index.php\/wp-json\/wp\/v2\/pages\/8585\/revisions"}],"predecessor-version":[{"id":8587,"href":"https:\/\/www.mercynavan.ie\/index.php\/wp-json\/wp\/v2\/pages\/8585\/revisions\/8587"}],"wp:attachment":[{"href":"https:\/\/www.mercynavan.ie\/index.php\/wp-json\/wp\/v2\/media?parent=8585"}],"curies":[{"name":"wp","href":"https:\/\/api.w.org\/{rel}","templated":true}]}}